{"id":1691,"date":"2023-02-28T16:26:59","date_gmt":"2023-02-28T15:26:59","guid":{"rendered":"https:\/\/tenigla.es\/legal-notice\/"},"modified":"2023-03-01T16:31:36","modified_gmt":"2023-03-01T15:31:36","slug":"legal-notice","status":"publish","type":"page","link":"https:\/\/tenigla.es\/en\/legal-notice\/","title":{"rendered":"Legal Notice"},"content":{"rendered":"<p><div class=\"fusion-fullwidth fullwidth-box fusion-builder-row-1 fusion-flex-container nonhundred-percent-fullwidth non-hundred-percent-height-scrolling\" style=\"--awb-background-position:left top;--awb-border-sizes-top:0px;--awb-border-sizes-bottom:0px;--awb-border-sizes-left:0px;--awb-border-sizes-right:0px;--awb-border-radius-top-left:0px;--awb-border-radius-top-right:0px;--awb-border-radius-bottom-right:0px;--awb-border-radius-bottom-left:0px;--awb-padding-top:20px;--awb-padding-bottom-small:30px;--awb-background-color:hsla(var(--awb-color8-h),var(--awb-color8-s),calc( var(--awb-color8-l) + 80% ),var(--awb-color8-a));\" ><div class=\"fusion-builder-row fusion-row fusion-flex-align-items-flex-start\" style=\"max-width:calc( 1170px + 0px );margin-left: calc(-0px \/ 2 );margin-right: calc(-0px \/ 2 );\"><div class=\"fusion-layout-column fusion_builder_column fusion-builder-column-0 fusion_builder_column_1_1 1_1 fusion-flex-column fusion-animated\" style=\"--awb-padding-top:2%;--awb-padding-right:11%;--awb-padding-bottom:0px;--awb-padding-left:11%;--awb-bg-blend:overlay;--awb-bg-size:cover;--awb-width-large:100%;--awb-margin-top-large:0px;--awb-spacing-right-large:0px;--awb-margin-bottom-large:0px;--awb-spacing-left-large:0px;--awb-width-medium:100%;--awb-spacing-right-medium:0px;--awb-spacing-left-medium:0px;--awb-width-small:100%;--awb-spacing-right-small:0px;--awb-spacing-left-small:0px;\" data-animationType=\"fadeInUp\" data-animationDuration=\"0.8\" data-animationOffset=\"top-into-view\"><div class=\"fusion-column-wrapper fusion-flex-justify-content-center fusion-content-layout-column\"><div class=\"fusion-title title fusion-title-1 fusion-sep-none fusion-title-center fusion-title-text fusion-title-size-one\" style=\"--awb-text-color:var(--awb-color7);\"><h1 class=\"title-heading-center fusion-responsive-typography-calculated\" style=\"margin:0;text-transform:capitalize;--fontSize:48;line-height:var(--awb-typography1-line-height);\">Legal Notice<\/h1><\/div><div class=\"fusion-separator\" style=\"align-self: center;margin-left: auto;margin-right: auto;margin-top:0px;margin-bottom:35px;width:100%;max-width:100px;\"><div class=\"fusion-separator-border sep-single sep-solid\" style=\"--awb-height:20px;--awb-amount:20px;border-color:var(--awb-color4);border-top-width:2px;\"><\/div><\/div><\/div><\/div><\/div><\/div><div class=\"fusion-fullwidth fullwidth-box fusion-builder-row-2 fusion-flex-container nonhundred-percent-fullwidth non-hundred-percent-height-scrolling\" style=\"--awb-background-position:left top;--awb-border-sizes-top:0px;--awb-border-sizes-bottom:0px;--awb-border-sizes-left:0px;--awb-border-sizes-right:0px;--awb-border-radius-top-left:0px;--awb-border-radius-top-right:0px;--awb-border-radius-bottom-right:0px;--awb-border-radius-bottom-left:0px;--awb-padding-bottom:85px;--awb-padding-bottom-small:30px;--awb-background-color:hsla(var(--awb-color8-h),var(--awb-color8-s),calc( var(--awb-color8-l) + 80% ),var(--awb-color8-a));\" ><div class=\"fusion-builder-row fusion-row fusion-flex-align-items-flex-start fusion-flex-justify-content-center\" style=\"max-width:calc( 1170px + 0px );margin-left: calc(-0px \/ 2 );margin-right: calc(-0px \/ 2 );\"><div class=\"fusion-layout-column fusion_builder_column fusion-builder-column-1 fusion_builder_column_1_2 1_2 fusion-flex-column fusion-animated\" style=\"--awb-bg-blend:overlay;--awb-bg-size:cover;--awb-width-large:50%;--awb-margin-top-large:0px;--awb-spacing-right-large:0px;--awb-margin-bottom-large:3%;--awb-spacing-left-large:0px;--awb-width-medium:100%;--awb-spacing-right-medium:0px;--awb-spacing-left-medium:0px;--awb-width-small:100%;--awb-spacing-right-small:0px;--awb-spacing-left-small:0px;\" data-animationType=\"fadeInUp\" data-animationDuration=\"0.8\" data-animationOffset=\"top-into-view\"><div class=\"fusion-column-wrapper fusion-flex-justify-content-flex-start fusion-content-layout-column\"><div class=\"fusion-text fusion-text-1\"><p style=\"text-align: justify;\">El presente Aviso Legal regula el uso de la p\u00e1gina web <a href=\"http:\/\/www.tenigla.es\">www.tenigla.es<\/a> (en adelante la P\u00e1gina) titularidad de INVERSIONES <strong>TENIGLA<\/strong> S.L. (en adelante, <strong>TENIGLA<\/strong>); CIF n\u00ba B87109658; domicilio en Calle del Prado n\u00ba 26, 28014 Madrid; direcci\u00f3n de correo electr\u00f3nico <a href=\"mailto:info@tenigla.com\" target=\"_blank\" rel=\"noopener\">info@tenigla.com<\/a>. Se encuentra inscrita en el Registro Mercantil de Madrid, Tomo 32738 ,Folio 43,inscripci\u00f3n 1 con hoja M-589282.<\/p>\n<p style=\"text-align: justify;\">Para la utilizaci\u00f3n de la P\u00e1gina se requiere la aceptaci\u00f3n expresa del usuario de todas y cada una de las cl\u00e1usulas que se indican en el presente Aviso Legal, as\u00ed como cada una de las advertencias o cl\u00e1usulas espec\u00edficas que se establezcan para asociarse a trav\u00e9s de la P\u00e1gina.<\/p>\n<p style=\"text-align: justify;\">En caso de no aceptar las cl\u00e1usulas establecidas en el presente Aviso Legal, el usuario deber\u00e1 abstenerse de acceder y\/o utilizar los servicios y\/o contenidos puestos a su disposici\u00f3n en la P\u00e1gina, procediendo a abandonar la misma.<\/p>\n<h2 style=\"text-align: justify;\">Uso de la p\u00e1gina<\/h2>\n<p style=\"text-align: justify;\">El usuario se obliga a no utilizar la P\u00e1gina para la realizaci\u00f3n de actividades contrarias a las leyes, a la moral, al orden p\u00fablico y, en general, a hacer un uso conforme a las condiciones establecidas en el presente Aviso Legal. Asimismo, se obliga a no realizar actividades publicitarias o de explotaci\u00f3n comercial remitiendo mensajes que utilicen una identidad falsa.<\/p>\n<p style=\"text-align: justify;\"><strong>TENIGLA<\/strong> act\u00faa exclusivamente como responsable de la P\u00e1gina en su condici\u00f3n de prestador de un servicio de informaci\u00f3n sobre sus propios servicios, no haci\u00e9ndose responsable de los contenidos que, en contravenci\u00f3n a las presentes condiciones generales, los usuarios pudieran enviar o publicar, siendo el usuario el \u00fanico responsable de la veracidad y licitud de los mismos.<\/p>\n<p style=\"text-align: justify;\"><strong>TENIGLA<\/strong> podr\u00e1 interrumpir el servicio de la P\u00e1gina que est\u00e9 siendo utilizado por el usuario y resolver de modo inmediato la relaci\u00f3n con el usuario si detecta un uso de la P\u00e1gina o de cualquiera de los servicios que en el mismo se ofertan que pueda considerar contrario a lo expresado en el presente Aviso Legal.<\/p>\n<h2 style=\"text-align: justify;\">Propiedad intelectual e industrial<\/h2>\n<p style=\"text-align: justify;\">La totalidad de esta P\u00e1gina: texto, im\u00e1genes, marcas, gr\u00e1ficos, logotipos, botones, archivos de software, combinaciones de colores, as\u00ed como la estructura, selecci\u00f3n, ordenaci\u00f3n y presentaci\u00f3n de sus contenidos, se encuentra protegida por las leyes sobre Propiedad Intelectual e Industrial, quedando prohibida su reproducci\u00f3n, distribuci\u00f3n, comunicaci\u00f3n p\u00fablica y transformaci\u00f3n, salvo para uso personal y privado.<\/p>\n<p style=\"text-align: justify;\"><strong>TENIGLA<\/strong> no garantiza que los contenidos sean precisos o libres de error o que el libre uso de los mismos por el usuario no infrinja los derechos de terceras partes. El buen o mal uso de esta p\u00e1gina y de sus contenidos esta bajo la responsabilidad del usuario.<\/p>\n<p style=\"text-align: justify;\">Asimismo, queda prohibida la reproducci\u00f3n, retransmisi\u00f3n, copia, cesi\u00f3n o redifusi\u00f3n, total o parcial, de la informaci\u00f3n contenida en la P\u00e1gina, cualquiera que fuera su finalidad y el medio utilizado para ello, sin autorizaci\u00f3n previa de la Sociedad.<\/p>\n<h2 style=\"text-align: justify;\">Enlaces o links<\/h2>\n<p style=\"text-align: justify;\">La P\u00e1gina puede incluir enlaces o links a sitios de terceros. Las p\u00e1ginas pertenecientes a terceros no han sido revisadas ni son objeto de controles por parte de <strong>TENIGLA<\/strong>. En cualquier caso, <strong>TENIGLA<\/strong> no podr\u00e1 ser considerada responsable de los contenidos de estos sitios web ni de las medidas que se adopten relativas a su privacidad o al tratamiento de sus datos de car\u00e1cter personal.<\/p>\n<p style=\"text-align: justify;\"><strong>TENIGLA<\/strong> recomienda la lectura detenida de las condiciones de uso y la pol\u00edtica de privacidad de estos sitios.<\/p>\n<p style=\"text-align: justify;\">En caso de estar interesado en activar un enlace a alguna de las p\u00e1ginas de <strong>TENIGLA<\/strong> deber\u00e1 comunicarlo, obteniendo el consentimiento expreso para crear el enlace. <strong>TENIGLA<\/strong> se reserva el derecho de oposici\u00f3n a la activaci\u00f3n de enlaces con su sitio web.<\/p>\n<h2 style=\"text-align: justify;\">Menores de edad<\/h2>\n<p style=\"text-align: justify;\">Queda prohibido el acceso y uso del portal a los menores de edad no autorizados.<\/p>\n<p style=\"text-align: justify;\"><strong>TENIGLA<\/strong> recuerda a los usuarios mayores de edad, que tengan a su cargo menores, que ser\u00e1 de su exclusiva responsabilidad determinar qu\u00e9 servicios y\/o contenidos son no apropiados para la edad de estos \u00faltimos.<\/p>\n<p style=\"text-align: justify;\"><strong>TENIGLA<\/strong> les informa que existen programas inform\u00e1ticos que permiten filtrar y bloquear el acceso a determinados contenidos y servicios, de tal forma que los padres o tutores, por ejemplo, pueden decidir cu\u00e1les son los contenidos y servicios de Internet a los que los menores pueden tener acceso y cu\u00e1les no.<\/p>\n<h2 style=\"text-align: justify;\">Responsabilidades<\/h2>\n<p style=\"text-align: justify;\"><strong>TENIGLA<\/strong> no ser\u00e1 responsable directa ni subsidiariamente de:<\/p>\n<ul style=\"text-align: justify;\">\n<li>La calidad del servicio, la velocidad de acceso, el correcto funcionamiento ni la disponibilidad ni continuidad de funcionamiento de la P\u00e1gina.<\/li>\n<li>Los da\u00f1os que puedan causarse en los equipos del usuario por la utilizaci\u00f3n de la P\u00e1gina.<\/li>\n<li>Los casos en que un tercero, quebrantando las medidas de seguridad establecidas, acceda a los mensajes o los utilice para la remisi\u00f3n de virus inform\u00e1ticos.<\/li>\n<li>Los vicios y defectos de toda clase de los contenidos transmitidos, difundidos, almacenados o puestos a disposici\u00f3n.<\/li>\n<li>La licitud, fiabilidad y utilidad de los contenidos que los usuarios transmitan con la utilizaci\u00f3n de la p\u00e1gina o de los servicios en \u00e9l ofertados, as\u00ed como tampoco su veracidad o exactitud. <strong>TENIGLA<\/strong> no controla la utilizaci\u00f3n que los usuarios hacen de la P\u00e1gina, ni garantiza que lo hagan conforme a lo establecido en el presente Aviso Legal.<\/li>\n<\/ul>\n<p style=\"text-align: justify;\">A t\u00edtulo enunciativo y con car\u00e1cter no limitativo, el usuario ser\u00e1 responsable de:<\/p>\n<ul style=\"text-align: justify;\">\n<li>De los contenidos introducidos por ellos, especialmente de los datos e informaciones introducidos y enviados a <strong>TENIGLA<\/strong> por medio de la P\u00e1gina o en la P\u00e1gina.<\/li>\n<li>De la realizaci\u00f3n de cualquier tipo de actuaci\u00f3n il\u00edcita, lesiva de derechos, nociva y\/o perjudicial.<\/li>\n<\/ul>\n<h2 style=\"text-align: justify;\">Uso de redes sociales<\/h2>\n<p style=\"text-align: justify;\"><strong>TENIGLA<\/strong> dispone de acceso a Redes Sociales de los diferentes medios y canales de comunicaci\u00f3n, tales como Twitter.<\/p>\n<p style=\"text-align: justify;\">Si utiliza las redes sociales en las que <strong>TENIGLA<\/strong> participa, por favor:<\/p>\n<ul style=\"text-align: justify;\">\n<li>Respete las reglas generales de uso de estas redes.<\/li>\n<li>No haga publicidad de otras marcas, productos o servicios.<\/li>\n<li>No utilice lenguaje irrespetuoso, difamatorio o abusivo.<\/li>\n<li>No coloque comentarios que contengan links que lleven a contenido da\u00f1ino o peligroso para otros usuarios.<\/li>\n<\/ul>\n<p style=\"text-align: justify;\"><strong>TENIGLA<\/strong> no discrimina ning\u00fan tipo de comentario o interacci\u00f3n, pero ateni\u00e9ndose a la pol\u00edtica de las redes sociales, se reserva el derecho a eliminar comentarios, fotos y cualquier otro comportamiento en la p\u00e1gina si incumple esta pol\u00edtica.<\/p>\n<p style=\"text-align: justify;\"><strong>TENIGLA<\/strong> agradece y promueve la contribuci\u00f3n de todos los usuarios a sus p\u00e1ginas en las redes sociales (comentarios, fotos, wall posts, etc). Cada usuario es responsable de toda interacci\u00f3n con las p\u00e1ginas de <strong>TENIGLA<\/strong> en las redes sociales. En ning\u00fan caso las opiniones de los usuarios en las p\u00e1ginas representar\u00e1 la opini\u00f3n de <strong>TENIGLA<\/strong>.<\/p>\n<p style=\"text-align: justify;\"><strong>TENIGLA<\/strong> se acoge a la pol\u00edtica de cada una de las redes sociales sobre responsabilidad, derechos y privacidad. Por lo anterior, invitamos a todos los usuarios a denunciar todas aquellas acciones que supongan una violaci\u00f3n de estas pol\u00edticas.<\/p>\n<p style=\"text-align: justify;\"><strong>TENIGLA<\/strong> no discrimina ning\u00fan tipo de comentario o interacci\u00f3n, pero ateni\u00e9ndose a la pol\u00edtica de cada una de las redes sociales, se reserva el derecho a eliminar comentarios, fotos y cualquier otro comportamiento en la p\u00e1gina si:<\/p>\n<ul style=\"text-align: justify;\">\n<li>Contiene material pornogr\u00e1fico, violencia, amenazas, o cualquier contenido inapropiado que viole los est\u00e1ndares de las redes sociales.<\/li>\n<li>Son factualmente err\u00f3neos y no guardan relaci\u00f3n con la tem\u00e1tica de la P\u00e1gina de <strong>TENIGLA<\/strong>.<\/li>\n<li>Atacan o difaman a cualquier persona, marca, organizaci\u00f3n y colectivos sociales.<\/li>\n<li>Tienen car\u00e1cter ofensivo, ilegal, malicioso, descalificador o racista.<\/li>\n<li>Promociones y actividades comerciales no autorizadas (\u201cspam\u201d).<\/li>\n<\/ul>\n<p style=\"text-align: justify;\"><strong>TENIGLA<\/strong> agradece la contribuci\u00f3n de todos los seguidores por su contribuci\u00f3n en las redes sociales. Para cualquier aclaraci\u00f3n o duda respecto a la pol\u00edtica de privacidad, no dude en ponerse en contacto con nosotros.<\/p>\n<h2 style=\"text-align: justify;\">Pol\u00edtica de protecci\u00f3n de datos personales<\/h2>\n<p style=\"text-align: justify;\">A trav\u00e9s de este sitio web se recaban datos de car\u00e1cter personal de los usuarios.<\/p>\n<p style=\"text-align: justify;\"><strong>TENIGLA<\/strong> ha elaborado una Pol\u00edtica de Privacidad y Protecci\u00f3n de Datos para dar cumplimiento a lo dispuesto en el REGLAMENTO (UE) 2016\/679 DEL PARLAMENTO EUROPEO Y DEL CONSEJO de 27 de abril de 2016 relativo a la protecci\u00f3n de las personas f\u00edsicas en lo que respecta al tratamiento de datos personales y a la libre circulaci\u00f3n de estos datos y por el que se deroga la Directiva 95\/46\/CE (Reglamento general de protecci\u00f3n de datos, RGPD). Antes de proporcionar informaci\u00f3n personal, por favor, consulte nuestra una <a href=\"https:\/\/tenigla.es\/en\/privacy-policy\/\"><u>Pol\u00edtica de Privacidad y Protecci\u00f3n de Datos.<\/u><\/a><\/p>\n<h2 style=\"text-align: justify;\">Uso de cookies<\/h2>\n<p style=\"text-align: justify;\">El sitio Web de <strong>TENIGLA<\/strong> utiliza cookies (peque\u00f1os archivos de informaci\u00f3n que el servidor env\u00eda al ordenador de quien accede a la p\u00e1gina) para el correcto funcionamiento y visualizaci\u00f3n del sitio Web por parte del usuario, as\u00ed como la recogida de estad\u00edsticas. Para m\u00e1s informaci\u00f3n acceda a nuestra Pol\u00edtica de Cookies.<\/p>\n<h2 style=\"text-align: justify;\">Fuero<\/h2>\n<p style=\"text-align: justify;\">El presente Aviso Legal se encuentra redactado en castellano, y se encuentra sometido a la legislaci\u00f3n espa\u00f1ola vigente. Para cualquier tipo de controversia derivada de la utilizaci\u00f3n de los servicios ofrecidos o de los contenidos propios de la P\u00e1gina las partes, con la aceptaci\u00f3n del clausulado establecido en el presente Aviso Legal se someter\u00e1n a los Tribunales y Juzgados competentes de Madrid.<\/p>\n<p style=\"text-align: justify;\"><em>\u00daltima actualizaci\u00f3n: 23 de mayo de 2018.<\/em><\/p>\n<\/div><\/div><\/div><\/div><\/div><\/p>\n","protected":false},"excerpt":{"rendered":"","protected":false},"author":1,"featured_media":0,"parent":0,"menu_order":0,"comment_status":"closed","ping_status":"closed","template":"100-width.php","meta":{"inline_featured_image":false,"footnotes":""},"class_list":["post-1691","page","type-page","status-publish","hentry"],"yoast_head":"<!-- This site is optimized with the Yoast SEO plugin v26.6 - https:\/\/yoast.com\/wordpress\/plugins\/seo\/ -->\n<title>Legal Notice &#8211; Tenigla Real Estate<\/title>\n<meta name=\"description\" content=\"Tenigla Real Estate Legal Notice.\" \/>\n<meta name=\"robots\" content=\"index, follow, max-snippet:-1, max-image-preview:large, max-video-preview:-1\" \/>\n<link rel=\"canonical\" href=\"https:\/\/tenigla.es\/en\/legal-notice\/\" \/>\n<meta property=\"og:locale\" content=\"en_US\" \/>\n<meta property=\"og:type\" content=\"article\" \/>\n<meta property=\"og:title\" content=\"Legal Notice &#8211; Tenigla Real Estate\" \/>\n<meta property=\"og:description\" content=\"Tenigla Real Estate Legal Notice.\" \/>\n<meta property=\"og:url\" content=\"https:\/\/tenigla.es\/en\/legal-notice\/\" \/>\n<meta property=\"og:site_name\" content=\"Tenigla Real Estate\" \/>\n<meta property=\"article:modified_time\" content=\"2023-03-01T15:31:36+00:00\" \/>\n<meta property=\"og:image\" content=\"https:\/\/tenigla.es\/wp-content\/uploads\/2023\/02\/tenigla-compartir.jpg\" \/>\n\t<meta property=\"og:image:width\" content=\"1894\" \/>\n\t<meta property=\"og:image:height\" content=\"914\" \/>\n\t<meta property=\"og:image:type\" content=\"image\/jpeg\" \/>\n<meta name=\"twitter:card\" content=\"summary_large_image\" \/>\n<meta name=\"twitter:label1\" content=\"Est. reading time\" \/>\n\t<meta name=\"twitter:data1\" content=\"10 minutes\" \/>\n<script type=\"application\/ld+json\" class=\"yoast-schema-graph\">{\"@context\":\"https:\/\/schema.org\",\"@graph\":[{\"@type\":\"WebPage\",\"@id\":\"https:\/\/tenigla.es\/en\/legal-notice\/\",\"url\":\"https:\/\/tenigla.es\/en\/legal-notice\/\",\"name\":\"Legal Notice &#8211; Tenigla Real Estate\",\"isPartOf\":{\"@id\":\"https:\/\/tenigla.es\/en\/#website\"},\"datePublished\":\"2023-02-28T15:26:59+00:00\",\"dateModified\":\"2023-03-01T15:31:36+00:00\",\"description\":\"Tenigla Real Estate Legal Notice.\",\"breadcrumb\":{\"@id\":\"https:\/\/tenigla.es\/en\/legal-notice\/#breadcrumb\"},\"inLanguage\":\"en-US\",\"potentialAction\":[{\"@type\":\"ReadAction\",\"target\":[\"https:\/\/tenigla.es\/en\/legal-notice\/\"]}]},{\"@type\":\"BreadcrumbList\",\"@id\":\"https:\/\/tenigla.es\/en\/legal-notice\/#breadcrumb\",\"itemListElement\":[{\"@type\":\"ListItem\",\"position\":1,\"name\":\"Portada\",\"item\":\"https:\/\/tenigla.es\/en\/home\/\"},{\"@type\":\"ListItem\",\"position\":2,\"name\":\"Legal Notice\"}]},{\"@type\":\"WebSite\",\"@id\":\"https:\/\/tenigla.es\/en\/#website\",\"url\":\"https:\/\/tenigla.es\/en\/\",\"name\":\"Tenigla Real Estate\",\"description\":\"Gesti\u00f3n Profesional de Inversiones Inmobiliarias\",\"publisher\":{\"@id\":\"https:\/\/tenigla.es\/en\/#organization\"},\"alternateName\":\"Tenigla\",\"potentialAction\":[{\"@type\":\"SearchAction\",\"target\":{\"@type\":\"EntryPoint\",\"urlTemplate\":\"https:\/\/tenigla.es\/en\/?s={search_term_string}\"},\"query-input\":{\"@type\":\"PropertyValueSpecification\",\"valueRequired\":true,\"valueName\":\"search_term_string\"}}],\"inLanguage\":\"en-US\"},{\"@type\":\"Organization\",\"@id\":\"https:\/\/tenigla.es\/en\/#organization\",\"name\":\"Tenigla Real Estate\",\"alternateName\":\"Tenigla\",\"url\":\"https:\/\/tenigla.es\/en\/\",\"logo\":{\"@type\":\"ImageObject\",\"inLanguage\":\"en-US\",\"@id\":\"https:\/\/tenigla.es\/en\/#\/schema\/logo\/image\/\",\"url\":\"https:\/\/tenigla.es\/wp-content\/uploads\/2023\/01\/tenigla-real-estate-logo.svg\",\"contentUrl\":\"https:\/\/tenigla.es\/wp-content\/uploads\/2023\/01\/tenigla-real-estate-logo.svg\",\"width\":\"1024\",\"height\":\"1024\",\"caption\":\"Tenigla Real Estate\"},\"image\":{\"@id\":\"https:\/\/tenigla.es\/en\/#\/schema\/logo\/image\/\"},\"sameAs\":[\"https:\/\/www.linkedin.com\/company\/tenigla-real-estate\/\",\"https:\/\/www.instagram.com\/tenigla\/\"]}]}<\/script>\n<!-- \/ Yoast SEO plugin. -->","yoast_head_json":{"title":"Legal Notice &#8211; Tenigla Real Estate","description":"Tenigla Real Estate Legal Notice.","robots":{"index":"index","follow":"follow","max-snippet":"max-snippet:-1","max-image-preview":"max-image-preview:large","max-video-preview":"max-video-preview:-1"},"canonical":"https:\/\/tenigla.es\/en\/legal-notice\/","og_locale":"en_US","og_type":"article","og_title":"Legal Notice &#8211; Tenigla Real Estate","og_description":"Tenigla Real Estate Legal Notice.","og_url":"https:\/\/tenigla.es\/en\/legal-notice\/","og_site_name":"Tenigla Real Estate","article_modified_time":"2023-03-01T15:31:36+00:00","og_image":[{"width":1894,"height":914,"url":"https:\/\/tenigla.es\/wp-content\/uploads\/2023\/02\/tenigla-compartir.jpg","type":"image\/jpeg"}],"twitter_card":"summary_large_image","twitter_misc":{"Est. reading time":"10 minutes"},"schema":{"@context":"https:\/\/schema.org","@graph":[{"@type":"WebPage","@id":"https:\/\/tenigla.es\/en\/legal-notice\/","url":"https:\/\/tenigla.es\/en\/legal-notice\/","name":"Legal Notice &#8211; Tenigla Real Estate","isPartOf":{"@id":"https:\/\/tenigla.es\/en\/#website"},"datePublished":"2023-02-28T15:26:59+00:00","dateModified":"2023-03-01T15:31:36+00:00","description":"Tenigla Real Estate Legal Notice.","breadcrumb":{"@id":"https:\/\/tenigla.es\/en\/legal-notice\/#breadcrumb"},"inLanguage":"en-US","potentialAction":[{"@type":"ReadAction","target":["https:\/\/tenigla.es\/en\/legal-notice\/"]}]},{"@type":"BreadcrumbList","@id":"https:\/\/tenigla.es\/en\/legal-notice\/#breadcrumb","itemListElement":[{"@type":"ListItem","position":1,"name":"Portada","item":"https:\/\/tenigla.es\/en\/home\/"},{"@type":"ListItem","position":2,"name":"Legal Notice"}]},{"@type":"WebSite","@id":"https:\/\/tenigla.es\/en\/#website","url":"https:\/\/tenigla.es\/en\/","name":"Tenigla Real Estate","description":"Gesti\u00f3n Profesional de Inversiones Inmobiliarias","publisher":{"@id":"https:\/\/tenigla.es\/en\/#organization"},"alternateName":"Tenigla","potentialAction":[{"@type":"SearchAction","target":{"@type":"EntryPoint","urlTemplate":"https:\/\/tenigla.es\/en\/?s={search_term_string}"},"query-input":{"@type":"PropertyValueSpecification","valueRequired":true,"valueName":"search_term_string"}}],"inLanguage":"en-US"},{"@type":"Organization","@id":"https:\/\/tenigla.es\/en\/#organization","name":"Tenigla Real Estate","alternateName":"Tenigla","url":"https:\/\/tenigla.es\/en\/","logo":{"@type":"ImageObject","inLanguage":"en-US","@id":"https:\/\/tenigla.es\/en\/#\/schema\/logo\/image\/","url":"https:\/\/tenigla.es\/wp-content\/uploads\/2023\/01\/tenigla-real-estate-logo.svg","contentUrl":"https:\/\/tenigla.es\/wp-content\/uploads\/2023\/01\/tenigla-real-estate-logo.svg","width":"1024","height":"1024","caption":"Tenigla Real Estate"},"image":{"@id":"https:\/\/tenigla.es\/en\/#\/schema\/logo\/image\/"},"sameAs":["https:\/\/www.linkedin.com\/company\/tenigla-real-estate\/","https:\/\/www.instagram.com\/tenigla\/"]}]}},"_links":{"self":[{"href":"https:\/\/tenigla.es\/en\/wp-json\/wp\/v2\/pages\/1691","targetHints":{"allow":["GET"]}}],"collection":[{"href":"https:\/\/tenigla.es\/en\/wp-json\/wp\/v2\/pages"}],"about":[{"href":"https:\/\/tenigla.es\/en\/wp-json\/wp\/v2\/types\/page"}],"author":[{"embeddable":true,"href":"https:\/\/tenigla.es\/en\/wp-json\/wp\/v2\/users\/1"}],"replies":[{"embeddable":true,"href":"https:\/\/tenigla.es\/en\/wp-json\/wp\/v2\/comments?post=1691"}],"version-history":[{"count":2,"href":"https:\/\/tenigla.es\/en\/wp-json\/wp\/v2\/pages\/1691\/revisions"}],"predecessor-version":[{"id":1693,"href":"https:\/\/tenigla.es\/en\/wp-json\/wp\/v2\/pages\/1691\/revisions\/1693"}],"wp:attachment":[{"href":"https:\/\/tenigla.es\/en\/wp-json\/wp\/v2\/media?parent=1691"}],"curies":[{"name":"wp","href":"https:\/\/api.w.org\/{rel}","templated":true}]}}